{"id":5,"date":"2017-11-06T12:04:50","date_gmt":"2017-11-06T12:04:50","guid":{"rendered":"http:\/\/zimmerei-tami.de\/?page_id=5"},"modified":"2022-10-12T11:18:18","modified_gmt":"2022-10-12T11:18:18","slug":"home","status":"publish","type":"page","link":"https:\/\/zimmerei-tami.de\/fr\/","title":{"rendered":"Home"},"content":{"rendered":"[et_pb_section][et_pb_row][et_pb_column type=&#8221;4_4&#8243;][et_pb_text]\n<h1 class=\"text-center\">Le bois vit. Et nous vivons le bois.<\/h1>\nLe bois est un mat\u00e9riau de construction polyvalent et parfaitement durable. Stable, \u00e9l\u00e9gant et \u00e9cologique, le bois est tout naturellement \u00e0 la mode aujourd&#8217;hui.\n\nIl a depuis toujours \u00e9t\u00e9 une passion pour les charpentiers, ce qui explique l&#8217;existence de l&#8217;entreprise de ma\u00eetres artisans TAMI. Le propri\u00e9taire Tarek Miftah est issu d&#8217;une famille d&#8217;architectes et d&#8217;artisans. Il s&#8217;inscrit dans la tradition familiale par ses \u00e9tudes \u00e0 la Haute \u00e9cole sp\u00e9cialis\u00e9e de Karlsruhe et sa formation comme charpentier jusqu&#8217;\u00e0 devenir ma\u00eetre artisan. L&#8217;entreprise de charpente TAMI mise ainsi toujours sur des id\u00e9es cr\u00e9atives, une comp\u00e9tence \u00e9tablie et une habilet\u00e9 h\u00e9rit\u00e9e ; elle r\u00e9alise dans les r\u00e8gles de l&#8217;art d\u2019apr\u00e8s tous les styles, qu&#8217;il s&#8217;agisse de b\u00e2timents orientaux ou modernes.\n\n[\/et_pb_text][\/et_pb_column][\/et_pb_row][\/et_pb_section]","protected":false},"excerpt":{"rendered":"<p>Le bois vit. Et nous vivons le bois. Le bois est un&#8230;<\/p>\n","protected":false},"author":1,"featured_media":1542,"parent":0,"menu_order":0,"comment_status":"closed","ping_status":"closed","template":"template-parts\/front.php","meta":{"_et_pb_use_builder":"on","_et_pb_old_content":"<h1 class=\"text-center\">Le bois vit. Et nous vivons le bois.<\/h1>\nLe bois est un mat\u00e9riau de construction polyvalent et parfaitement durable. Stable, \u00e9l\u00e9gant et \u00e9cologique, le bois est tout naturellement \u00e0 la mode aujourd'hui.\n\nIl a depuis toujours \u00e9t\u00e9 une passion pour les charpentiers, ce qui explique l'existence de l'entreprise de ma\u00eetres artisans TAMI. Le propri\u00e9taire Tarek Miftah est issu d'une famille d'architectes et d'artisans. Il s'inscrit dans la tradition familiale par ses \u00e9tudes \u00e0 la Haute \u00e9cole sp\u00e9cialis\u00e9e de Karlsruhe et sa formation comme charpentier jusqu'\u00e0 devenir ma\u00eetre artisan. L'entreprise de charpente TAMI mise ainsi toujours sur des id\u00e9es cr\u00e9atives, une comp\u00e9tence \u00e9tablie et une habilet\u00e9 h\u00e9rit\u00e9e ; elle r\u00e9alise dans les r\u00e8gles de l'art d\u2019apr\u00e8s tous les styles, qu'il s'agisse de b\u00e2timents orientaux ou modernes.","_et_gb_content_width":"","inline_featured_image":false,"_monsterinsights_skip_tracking":false,"_monsterinsights_sitenote_active":false,"_monsterinsights_sitenote_note":"","_monsterinsights_sitenote_category":0},"_links":{"self":[{"href":"https:\/\/zimmerei-tami.de\/fr\/wp-json\/wp\/v2\/pages\/5"}],"collection":[{"href":"https:\/\/zimmerei-tami.de\/fr\/wp-json\/wp\/v2\/pages"}],"about":[{"href":"https:\/\/zimmerei-tami.de\/fr\/wp-json\/wp\/v2\/types\/page"}],"author":[{"embeddable":true,"href":"https:\/\/zimmerei-tami.de\/fr\/wp-json\/wp\/v2\/users\/1"}],"replies":[{"embeddable":true,"href":"https:\/\/zimmerei-tami.de\/fr\/wp-json\/wp\/v2\/comments?post=5"}],"version-history":[{"count":10,"href":"https:\/\/zimmerei-tami.de\/fr\/wp-json\/wp\/v2\/pages\/5\/revisions"}],"predecessor-version":[{"id":2005,"href":"https:\/\/zimmerei-tami.de\/fr\/wp-json\/wp\/v2\/pages\/5\/revisions\/2005"}],"wp:featuredmedia":[{"embeddable":true,"href":"https:\/\/zimmerei-tami.de\/fr\/wp-json\/wp\/v2\/media\/1542"}],"wp:attachment":[{"href":"https:\/\/zimmerei-tami.de\/fr\/wp-json\/wp\/v2\/media?parent=5"}],"curies":[{"name":"wp","href":"https:\/\/api.w.org\/{rel}","templated":true}]}}