{"id":329,"date":"2017-11-16T17:29:06","date_gmt":"2017-11-16T17:29:06","guid":{"rendered":"http:\/\/zimmerei-tami.de\/?page_id=329"},"modified":"2018-04-09T18:12:18","modified_gmt":"2018-04-09T18:12:18","slug":"partner","status":"publish","type":"page","link":"https:\/\/zimmerei-tami.de\/fr\/partner\/","title":{"rendered":"Partenaire"},"content":{"rendered":"<p><\/p>\n<h1>Vous avez un projet ? &#8211; nous avons la solution !<\/h1>\n<p><span class=\"st\">Vous pouvez compter sur nous pour vos constructions &#8230;<br \/>\nMais aussi car\u00a0<em>nous avons<\/em>\u00a0l&#8217;habitude des interfaces complexes, des co\u00fbts limit\u00e9s et des courts d\u00e9lais.\u00a0<\/span><span class=\"st\">Cela signifie que nous pouvons vous\u00a0<em>offrir<\/em>\u00a0toute la gamme de services que vous\u00a0<em>d\u00e9sirez<\/em>un\u00a0<em>service<\/em>\u00a0\u00e0 la carte, des conseils sur mesure ?<br \/>\nNous travaillons en synergie avec nos partenaires :<\/span><\/p>","protected":false},"excerpt":{"rendered":"<p>Vous avez un projet ? &#8211; nous avons la solution ! Vous pouvez compter sur nous pour vos constructions &#8230; Mais aussi car\u00a0nous avons\u00a0l&#8217;habitude des interfaces complexes, des co\u00fbts limit\u00e9s et des courts d\u00e9lais.\u00a0Cela signifie que nous pouvons vous\u00a0offrir\u00a0toute la gamme de services que vous\u00a0d\u00e9sirezun\u00a0service\u00a0\u00e0 la carte, des conseils sur mesure ? Nous travaillons en [&hellip;]<\/p>\n","protected":false},"author":1,"featured_media":0,"parent":0,"menu_order":0,"comment_status":"closed","ping_status":"closed","template":"","meta":{"_et_pb_use_builder":"","_et_pb_old_content":"","_et_gb_content_width":"","inline_featured_image":false,"_monsterinsights_skip_tracking":false,"_monsterinsights_sitenote_active":false,"_monsterinsights_sitenote_note":"","_monsterinsights_sitenote_category":0},"_links":{"self":[{"href":"https:\/\/zimmerei-tami.de\/fr\/wp-json\/wp\/v2\/pages\/329"}],"collection":[{"href":"https:\/\/zimmerei-tami.de\/fr\/wp-json\/wp\/v2\/pages"}],"about":[{"href":"https:\/\/zimmerei-tami.de\/fr\/wp-json\/wp\/v2\/types\/page"}],"author":[{"embeddable":true,"href":"https:\/\/zimmerei-tami.de\/fr\/wp-json\/wp\/v2\/users\/1"}],"replies":[{"embeddable":true,"href":"https:\/\/zimmerei-tami.de\/fr\/wp-json\/wp\/v2\/comments?post=329"}],"version-history":[{"count":16,"href":"https:\/\/zimmerei-tami.de\/fr\/wp-json\/wp\/v2\/pages\/329\/revisions"}],"predecessor-version":[{"id":1319,"href":"https:\/\/zimmerei-tami.de\/fr\/wp-json\/wp\/v2\/pages\/329\/revisions\/1319"}],"wp:attachment":[{"href":"https:\/\/zimmerei-tami.de\/fr\/wp-json\/wp\/v2\/media?parent=329"}],"curies":[{"name":"wp","href":"https:\/\/api.w.org\/{rel}","templated":true}]}}